{"id":19436,"date":"2024-08-29T14:49:55","date_gmt":"2024-08-29T12:49:55","guid":{"rendered":"https:\/\/association-lapirogue.be\/le-don-a-echoue\/"},"modified":"2024-08-29T14:49:55","modified_gmt":"2024-08-29T12:49:55","slug":"le-don-a-echoue","status":"publish","type":"page","link":"https:\/\/association-lapirogue.be\/en\/le-don-a-echoue\/","title":{"rendered":"Le don a \u00e9chou\u00e9"},"content":{"rendered":"<p>Nous sommes d\u00e9sol\u00e9s, mais votre transaction a \u00e9chou\u00e9. Veuillez essayer \u00e0 nouveau ou contacter l\u2019assistance du site.<\/p>","protected":false},"excerpt":{"rendered":"<p>Nous sommes d\u00e9sol\u00e9s, mais votre transaction a \u00e9chou\u00e9. Veuillez essayer [&hellip;]<\/p>","protected":false},"author":1,"featured_media":0,"parent":0,"menu_order":0,"comment_status":"closed","ping_status":"closed","template":"","meta":{"inline_featured_image":false,"footnotes":""},"class_list":["post-19436","page","type-page","status-publish","hentry"],"yoast_head":"<!-- This site is optimized with the Yoast SEO plugin v26.6 - https:\/\/yoast.com\/wordpress\/plugins\/seo\/ -->\n<title>Le don a \u00e9chou\u00e9 - Association LA PIROGUE<\/title>\n<meta name=\"robots\" content=\"index, follow, max-snippet:-1, max-image-preview:large, max-video-preview:-1\" \/>\n<link rel=\"canonical\" href=\"https:\/\/association-lapirogue.be\/en\/le-don-a-echoue\/\" \/>\n<meta property=\"og:locale\" content=\"en_GB\" \/>\n<meta property=\"og:type\" content=\"article\" \/>\n<meta property=\"og:title\" content=\"Le don a \u00e9chou\u00e9 - Association LA PIROGUE\" \/>\n<meta property=\"og:description\" content=\"Nous sommes d\u00e9sol\u00e9s, mais votre transaction a \u00e9chou\u00e9. Veuillez essayer [&hellip;]\" \/>\n<meta property=\"og:url\" content=\"https:\/\/association-lapirogue.be\/en\/le-don-a-echoue\/\" \/>\n<meta property=\"og:site_name\" content=\"Association LA PIROGUE\" \/>\n<meta name=\"twitter:card\" content=\"summary_large_image\" \/>\n<script type=\"application\/ld+json\" class=\"yoast-schema-graph\">{\"@context\":\"https:\/\/schema.org\",\"@graph\":[{\"@type\":\"WebPage\",\"@id\":\"https:\/\/association-lapirogue.be\/le-don-a-echoue\/\",\"url\":\"https:\/\/association-lapirogue.be\/le-don-a-echoue\/\",\"name\":\"Le don a \u00e9chou\u00e9 - Association LA PIROGUE\",\"isPartOf\":{\"@id\":\"https:\/\/association-lapirogue.be\/#website\"},\"datePublished\":\"2024-08-29T12:49:55+00:00\",\"breadcrumb\":{\"@id\":\"https:\/\/association-lapirogue.be\/le-don-a-echoue\/#breadcrumb\"},\"inLanguage\":\"en-GB\",\"potentialAction\":[{\"@type\":\"ReadAction\",\"target\":[\"https:\/\/association-lapirogue.be\/le-don-a-echoue\/\"]}]},{\"@type\":\"BreadcrumbList\",\"@id\":\"https:\/\/association-lapirogue.be\/le-don-a-echoue\/#breadcrumb\",\"itemListElement\":[{\"@type\":\"ListItem\",\"position\":1,\"name\":\"Accueil\",\"item\":\"https:\/\/association-lapirogue.be\/\"},{\"@type\":\"ListItem\",\"position\":2,\"name\":\"Le don a \u00e9chou\u00e9\"}]},{\"@type\":\"WebSite\",\"@id\":\"https:\/\/association-lapirogue.be\/#website\",\"url\":\"https:\/\/association-lapirogue.be\/\",\"name\":\"Association LA PIROGUE\",\"description\":\"Aide aux enfants talibe\u0301s du Se\u0301ne\u0301gal\",\"publisher\":{\"@id\":\"https:\/\/association-lapirogue.be\/#organization\"},\"potentialAction\":[{\"@type\":\"SearchAction\",\"target\":{\"@type\":\"EntryPoint\",\"urlTemplate\":\"https:\/\/association-lapirogue.be\/?s={search_term_string}\"},\"query-input\":{\"@type\":\"PropertyValueSpecification\",\"valueRequired\":true,\"valueName\":\"search_term_string\"}}],\"inLanguage\":\"en-GB\"},{\"@type\":\"Organization\",\"@id\":\"https:\/\/association-lapirogue.be\/#organization\",\"name\":\"Association LA PIROGUE\",\"url\":\"https:\/\/association-lapirogue.be\/\",\"logo\":{\"@type\":\"ImageObject\",\"inLanguage\":\"en-GB\",\"@id\":\"https:\/\/association-lapirogue.be\/#\/schema\/logo\/image\/\",\"url\":\"https:\/\/association-lapirogue.be\/wp-content\/uploads\/2022\/06\/ms-icon-310x310-1.png\",\"contentUrl\":\"https:\/\/association-lapirogue.be\/wp-content\/uploads\/2022\/06\/ms-icon-310x310-1.png\",\"width\":310,\"height\":310,\"caption\":\"Association LA PIROGUE\"},\"image\":{\"@id\":\"https:\/\/association-lapirogue.be\/#\/schema\/logo\/image\/\"},\"sameAs\":[\"https:\/\/www.instagram.com\/la_coifferie_carouge\/\"]}]}<\/script>\n<!-- \/ Yoast SEO plugin. -->","yoast_head_json":{"title":"Le don a \u00e9chou\u00e9 - Association LA PIROGUE","robots":{"index":"index","follow":"follow","max-snippet":"max-snippet:-1","max-image-preview":"max-image-preview:large","max-video-preview":"max-video-preview:-1"},"canonical":"https:\/\/association-lapirogue.be\/en\/le-don-a-echoue\/","og_locale":"en_GB","og_type":"article","og_title":"Le don a \u00e9chou\u00e9 - Association LA PIROGUE","og_description":"Nous sommes d\u00e9sol\u00e9s, mais votre transaction a \u00e9chou\u00e9. Veuillez essayer [&hellip;]","og_url":"https:\/\/association-lapirogue.be\/en\/le-don-a-echoue\/","og_site_name":"Association LA PIROGUE","twitter_card":"summary_large_image","schema":{"@context":"https:\/\/schema.org","@graph":[{"@type":"WebPage","@id":"https:\/\/association-lapirogue.be\/le-don-a-echoue\/","url":"https:\/\/association-lapirogue.be\/le-don-a-echoue\/","name":"Le don a \u00e9chou\u00e9 - Association LA PIROGUE","isPartOf":{"@id":"https:\/\/association-lapirogue.be\/#website"},"datePublished":"2024-08-29T12:49:55+00:00","breadcrumb":{"@id":"https:\/\/association-lapirogue.be\/le-don-a-echoue\/#breadcrumb"},"inLanguage":"en-GB","potentialAction":[{"@type":"ReadAction","target":["https:\/\/association-lapirogue.be\/le-don-a-echoue\/"]}]},{"@type":"BreadcrumbList","@id":"https:\/\/association-lapirogue.be\/le-don-a-echoue\/#breadcrumb","itemListElement":[{"@type":"ListItem","position":1,"name":"Accueil","item":"https:\/\/association-lapirogue.be\/"},{"@type":"ListItem","position":2,"name":"Le don a \u00e9chou\u00e9"}]},{"@type":"WebSite","@id":"https:\/\/association-lapirogue.be\/#website","url":"https:\/\/association-lapirogue.be\/","name":"Association LA PIROGUE","description":"Aide aux enfants talibe\u0301s du Se\u0301ne\u0301gal","publisher":{"@id":"https:\/\/association-lapirogue.be\/#organization"},"potentialAction":[{"@type":"SearchAction","target":{"@type":"EntryPoint","urlTemplate":"https:\/\/association-lapirogue.be\/?s={search_term_string}"},"query-input":{"@type":"PropertyValueSpecification","valueRequired":true,"valueName":"search_term_string"}}],"inLanguage":"en-GB"},{"@type":"Organization","@id":"https:\/\/association-lapirogue.be\/#organization","name":"Association LA PIROGUE","url":"https:\/\/association-lapirogue.be\/","logo":{"@type":"ImageObject","inLanguage":"en-GB","@id":"https:\/\/association-lapirogue.be\/#\/schema\/logo\/image\/","url":"https:\/\/association-lapirogue.be\/wp-content\/uploads\/2022\/06\/ms-icon-310x310-1.png","contentUrl":"https:\/\/association-lapirogue.be\/wp-content\/uploads\/2022\/06\/ms-icon-310x310-1.png","width":310,"height":310,"caption":"Association LA PIROGUE"},"image":{"@id":"https:\/\/association-lapirogue.be\/#\/schema\/logo\/image\/"},"sameAs":["https:\/\/www.instagram.com\/la_coifferie_carouge\/"]}]}},"_links":{"self":[{"href":"https:\/\/association-lapirogue.be\/en\/wp-json\/wp\/v2\/pages\/19436","targetHints":{"allow":["GET"]}}],"collection":[{"href":"https:\/\/association-lapirogue.be\/en\/wp-json\/wp\/v2\/pages"}],"about":[{"href":"https:\/\/association-lapirogue.be\/en\/wp-json\/wp\/v2\/types\/page"}],"author":[{"embeddable":true,"href":"https:\/\/association-lapirogue.be\/en\/wp-json\/wp\/v2\/users\/1"}],"replies":[{"embeddable":true,"href":"https:\/\/association-lapirogue.be\/en\/wp-json\/wp\/v2\/comments?post=19436"}],"version-history":[{"count":0,"href":"https:\/\/association-lapirogue.be\/en\/wp-json\/wp\/v2\/pages\/19436\/revisions"}],"wp:attachment":[{"href":"https:\/\/association-lapirogue.be\/en\/wp-json\/wp\/v2\/media?parent=19436"}],"curies":[{"name":"wp","href":"https:\/\/api.w.org\/{rel}","templated":true}]}}